{"id":7156,"date":"2023-07-14T07:58:21","date_gmt":"2023-07-14T05:58:21","guid":{"rendered":"https:\/\/www.corporate.toni-fashion.com\/?page_id=7156"},"modified":"2023-07-14T07:59:06","modified_gmt":"2023-07-14T05:59:06","slug":"hinweisgeberschutz","status":"publish","type":"page","link":"https:\/\/www.corporate.toni-fashion.com\/de\/hinweisgeberschutz\/","title":{"rendered":"Hinweisgeberschutz"},"content":{"rendered":"\t\t<div data-elementor-type=\"wp-page\" data-elementor-id=\"7156\" class=\"elementor elementor-7156\" data-elementor-post-type=\"page\">\n\t\t\t\t\t\t<section class=\"elementor-section elementor-top-section elementor-element elementor-element-926d07a elementor-section-boxed elementor-section-height-default elementor-section-height-default\" data-id=\"926d07a\" data-element_type=\"section\" data-e-type=\"section\">\n\t\t\t\t\t\t<div class=\"elementor-container elementor-column-gap-default\">\n\t\t\t\t\t<div class=\"elementor-column elementor-col-100 elementor-top-column elementor-element elementor-element-af1779d\" data-id=\"af1779d\" data-element_type=\"column\" data-e-type=\"column\">\n\t\t\t<div class=\"elementor-widget-wrap elementor-element-populated\">\n\t\t\t\t\t\t<div class=\"elementor-element elementor-element-ae39be3 elementor-widget elementor-widget-text-editor\" data-id=\"ae39be3\" data-element_type=\"widget\" data-e-type=\"widget\" data-widget_type=\"text-editor.default\">\n\t\t\t\t<div class=\"elementor-widget-container\">\n\t\t\t\t\t\t\t\t\t<p>Die folgenden Informationen zeigen Ihnen, wo Hinweise f\u00fcr das interne Meldesystem zur pr\u00e4ventiven Verh\u00fctung von Verst\u00f6\u00dfen gegen geltendes Recht oder Unternehmensrichtlinien (z.B. Betrug oder Korruption sowie sonstige Straftatbest\u00e4nde) und\/oder zur Aufdeckung von solchen Verst\u00f6\u00dfen eingereicht werden k\u00f6nnen.<\/p><p><strong>Online<\/strong><\/p><p>Sie k\u00f6nnen jederzeit Hinweise in unserem digitalen Hinweisgebersystem einreichen. Dies kann auf Wunsch auch anonym geschehen. Nach Einreichung des Hinweises erhalten Sie Zugangsdaten, um sich zu einem sp\u00e4teren Zeitpunkt im System einzuloggen und den aktuellen Stand des Hinweises zu begutachten.<\/p><p>Digitales Hinweisgebersystem: <a href=\"http:\/\/weberundott.interne-meldestelle.de\">weberundott.interne-meldestelle.de<\/a><\/p><p>\u00a0<\/p><p>Da wir m\u00f6chten, dass die Hinweise auch \u00fcber andere Kan\u00e4le ordnungsgem\u00e4\u00df entgegengenommen und l\u00fcckenlos dokumentiert werden, haben wir die Firma eSourceONE GmbH als Ombudsstelle beauftragt. eSourceONE sorgt daf\u00fcr, dass qualifizierte Mitarbeiter die Hinweise \u00fcber andere Meldekan\u00e4le entgegennehmen.<\/p><p>Auf diesen Wegen k\u00f6nnen Hinweise eingereicht werden:<\/p><ul><li><strong>Telefonisch<\/strong> <br \/>unter der +49 951 700 86 44 <br \/>Di: 09 Uhr \u2013 12 Uhr; Do: 13 Uhr \u2013 16 Uhr <br \/><br \/><\/li><li><strong>Schriftlich per E-Mail<\/strong><br \/>an weberundott-hinweise@es1.de<br \/><br \/><\/li><li><strong>Schriftlich per Post<\/strong> <br \/>eSourceONE GmbH <br \/>c\/o Weber &amp; Ott Aktiengesellschaft<br \/>Kronacher Stra\u00dfe 60<br \/>96052 Bamberg<br \/>Deutschland<br \/><br \/><\/li><li><strong>Pers\u00f6nlich im B\u00fcro der Firma eSourceONE (Ombudsstelle)<br \/><\/strong>Kronacher Stra\u00dfe 60 in 96052 Bamberg, 1. Stock links <br \/>Di: 09 Uhr \u2013 12 Uhr; Do: 13 Uhr \u2013 16 Uhr<\/li><\/ul>\t\t\t\t\t\t\t\t<\/div>\n\t\t\t\t<\/div>\n\t\t\t\t\t<\/div>\n\t\t<\/div>\n\t\t\t\t\t<\/div>\n\t\t<\/section>\n\t\t\t\t<\/div>\n\t\t","protected":false},"excerpt":{"rendered":"<p>Die folgenden Informationen zeigen Ihnen, wo Hinweise f\u00fcr das interne Meldesystem zur pr\u00e4ventiven Verh\u00fctung von Verst\u00f6\u00dfen gegen geltendes Recht oder Unternehmensrichtlinien (z.B. Betrug oder Korruption sowie sonstige Straftatbest\u00e4nde) und\/oder zur Aufdeckung von solchen Verst\u00f6\u00dfen eingereicht werden k\u00f6nnen. Online Sie k\u00f6nnen jederzeit Hinweise in unserem digitalen Hinweisgebersystem einreichen. Dies kann auf Wunsch auch anonym geschehen. Nach [&hellip;]<\/p>\n","protected":false},"author":5,"featured_media":0,"parent":0,"menu_order":0,"comment_status":"closed","ping_status":"closed","template":"","meta":{"footnotes":""},"class_list":["post-7156","page","type-page","status-publish","hentry"],"_links":{"self":[{"href":"https:\/\/www.corporate.toni-fashion.com\/de\/wp-json\/wp\/v2\/pages\/7156"}],"collection":[{"href":"https:\/\/www.corporate.toni-fashion.com\/de\/wp-json\/wp\/v2\/pages"}],"about":[{"href":"https:\/\/www.corporate.toni-fashion.com\/de\/wp-json\/wp\/v2\/types\/page"}],"author":[{"embeddable":true,"href":"https:\/\/www.corporate.toni-fashion.com\/de\/wp-json\/wp\/v2\/users\/5"}],"replies":[{"embeddable":true,"href":"https:\/\/www.corporate.toni-fashion.com\/de\/wp-json\/wp\/v2\/comments?post=7156"}],"version-history":[{"count":4,"href":"https:\/\/www.corporate.toni-fashion.com\/de\/wp-json\/wp\/v2\/pages\/7156\/revisions"}],"predecessor-version":[{"id":7160,"href":"https:\/\/www.corporate.toni-fashion.com\/de\/wp-json\/wp\/v2\/pages\/7156\/revisions\/7160"}],"wp:attachment":[{"href":"https:\/\/www.corporate.toni-fashion.com\/de\/wp-json\/wp\/v2\/media?parent=7156"}],"curies":[{"name":"wp","href":"https:\/\/api.w.org\/{rel}","templated":true}]}}