{"id":173,"date":"2022-10-14T13:58:50","date_gmt":"2022-10-14T11:58:50","guid":{"rendered":"https:\/\/www.corporate.toni-fashion.com\/?page_id=173"},"modified":"2024-10-25T08:51:19","modified_gmt":"2024-10-25T06:51:19","slug":"impressum","status":"publish","type":"page","link":"https:\/\/www.corporate.toni-fashion.com\/de\/impressum\/","title":{"rendered":"Impressum"},"content":{"rendered":"\t\t<div data-elementor-type=\"wp-page\" data-elementor-id=\"173\" class=\"elementor elementor-173\" data-elementor-post-type=\"page\">\n\t\t\t\t\t\t<section class=\"elementor-section elementor-top-section elementor-element elementor-element-b02248d elementor-section-boxed elementor-section-height-default elementor-section-height-default\" data-id=\"b02248d\" data-element_type=\"section\" data-e-type=\"section\">\n\t\t\t\t\t\t<div class=\"elementor-container elementor-column-gap-default\">\n\t\t\t\t\t<div class=\"elementor-column elementor-col-100 elementor-top-column elementor-element elementor-element-2a4fa2b\" data-id=\"2a4fa2b\" data-element_type=\"column\" data-e-type=\"column\">\n\t\t\t<div class=\"elementor-widget-wrap elementor-element-populated\">\n\t\t\t\t\t\t<div class=\"elementor-element elementor-element-e8e468e elementor-widget elementor-widget-text-editor\" data-id=\"e8e468e\" data-element_type=\"widget\" data-e-type=\"widget\" data-widget_type=\"text-editor.default\">\n\t\t\t\t<div class=\"elementor-widget-container\">\n\t\t\t\t\t\t\t\t\t<h1 class=\"elementor-heading-title elementor-size-default elementor-inline-editing pen\" data-elementor-setting-key=\"title\" data-pen-placeholder=\"Type Here...\">Impressum\u200b<\/h1>\t\t\t\t\t\t\t\t<\/div>\n\t\t\t\t<\/div>\n\t\t\t\t\t<\/div>\n\t\t<\/div>\n\t\t\t\t\t<\/div>\n\t\t<\/section>\n\t\t\t\t<section class=\"elementor-section elementor-top-section elementor-element elementor-element-18097e9 elementor-section-boxed elementor-section-height-default elementor-section-height-default\" data-id=\"18097e9\" data-element_type=\"section\" data-e-type=\"section\">\n\t\t\t\t\t\t<div class=\"elementor-container elementor-column-gap-default\">\n\t\t\t\t\t<div class=\"elementor-column elementor-col-100 elementor-top-column elementor-element elementor-element-31ae504\" data-id=\"31ae504\" data-element_type=\"column\" data-e-type=\"column\">\n\t\t\t<div class=\"elementor-widget-wrap elementor-element-populated\">\n\t\t\t\t\t\t<div class=\"elementor-element elementor-element-75aa74b elementor-widget elementor-widget-text-editor\" data-id=\"75aa74b\" data-element_type=\"widget\" data-e-type=\"widget\" data-widget_type=\"text-editor.default\">\n\t\t\t\t<div class=\"elementor-widget-container\">\n\t\t\t\t\t\t\t\t\t<p style=\"margin-right: 0px;margin-bottom: 1em;margin-left: 0px;padding: 0px;border: 0px;line-height: inherit;vertical-align: baseline\"><span style=\"color: #3d3d3d;font-family: AzoWeb\"><span style=\"font-size: 14px;letter-spacing: 0.1px\">TONI DRESS DAMENMODEN GMBH<\/span><\/span><br \/><span style=\"color: #3d3d3d;font-family: AzoWeb\"><span style=\"font-size: 14px;letter-spacing: 0.1px\">Konrad-Ott-Str.1<\/span><\/span><br \/><span style=\"color: #3d3d3d;font-family: AzoWeb\"><span style=\"font-size: 14px;letter-spacing: 0.1px\">91301 Forchheim<\/span><\/span><br \/><span style=\"color: #3d3d3d;font-family: AzoWeb\"><span style=\"font-size: 14px;letter-spacing: 0.1px\">Registergericht Bamberg: HRB 1613\u00a0<\/span><\/span><\/p><p style=\"margin-right: 0px;margin-bottom: 1em;margin-left: 0px;padding: 0px;border: 0px;line-height: inherit;font-family: AzoWeb;font-size: 14px;vertical-align: baseline;color: #3d3d3d;letter-spacing: 0.1px\">UST-ID:\u00a0<span style=\"letter-spacing: 0.1px\">DE 811158205<\/span><br \/>Kontakt<br \/>Tel: +49 (0) 91 91 \/ 83 499<br \/>E-Mail: info@toni-fashion.de<\/p><p style=\"margin-right: 0px;margin-bottom: 1em;margin-left: 0px;padding: 0px;border: 0px;line-height: inherit;font-family: AzoWeb;font-size: 14px;vertical-align: baseline;color: #3d3d3d;letter-spacing: 0.1px\">Wir nehmen nicht an einem Streitbeilegungsverfahren vor einer Verbraucherschlichtungsstelle teil.<\/p><p style=\"margin-right: 0px;margin-bottom: 1em;margin-left: 0px;padding: 0px;border: 0px;line-height: inherit;font-family: AzoWeb;font-size: 14px;vertical-align: baseline;color: #3d3d3d;letter-spacing: 0.1px\">Haftung f\u00fcr Inhalte<\/p><p style=\"margin-right: 0px;margin-bottom: 1em;margin-left: 0px;padding: 0px;border: 0px;line-height: inherit;font-family: AzoWeb;font-size: 14px;vertical-align: baseline;color: #3d3d3d;letter-spacing: 0.1px\">Die Inhalte unserer Seiten wurden mit gr\u00f6\u00dfter Sorgfalt erstellt. F\u00fcr die Richtigkeit, Vollst\u00e4ndigkeit und Aktualit\u00e4t der Inhalte k\u00f6nnen wir jedoch keine Gew\u00e4hr \u00fcbernehmen. Als Diensteanbieter sind wir f\u00fcr eigene Inhalte auf diesen Seiten nach den allgemeinen Gesetzen verantwortlich. Als Diensteanbieter sind wir jedoch nicht verpflichtet, \u00fcbermittelte oder gespeicherte fremde Informationen zu \u00fcberwachen oder nach Umst\u00e4nden zu forschen, die auf eine rechtswidrige T\u00e4tigkeit hinweisen. Verpflichtungen zur Entfernung oder Sperrung der Nutzung von Informationen nach den allgemeinen Gesetzen bleiben hiervon unber\u00fchrt. Eine diesbez\u00fcgliche Haftung ist jedoch erst ab dem Zeitpunkt der Kenntnis einer konkreten Rechtsverletzung m\u00f6glich. Bei Bekanntwerden von entsprechenden Rechtsverletzungen werden wir diese Inhalte umgehend entfernen.<\/p><p style=\"margin-right: 0px;margin-bottom: 1em;margin-left: 0px;padding: 0px;border: 0px;line-height: inherit;font-family: AzoWeb;font-size: 14px;vertical-align: baseline;color: #3d3d3d;letter-spacing: 0.1px\">Haftung f\u00fcr Links<\/p><p style=\"margin-right: 0px;margin-bottom: 1em;margin-left: 0px;padding: 0px;border: 0px;line-height: inherit;font-family: AzoWeb;font-size: 14px;vertical-align: baseline;color: #3d3d3d;letter-spacing: 0.1px\">Unser Angebot enth\u00e4lt Links zu externen Webseiten Dritter, auf deren Inhalte wir keinen Einfluss haben. Deshalb k\u00f6nnen wir f\u00fcr diese fremden Inhalte auch keine Gew\u00e4hr \u00fcbernehmen. F\u00fcr die Inhalte der verlinkten Seiten ist stets der jeweilige Anbieter oder Betreiber der Seiten verantwortlich. Die verlinkten Seiten wurden zum Zeitpunkt der Verlinkung auf m\u00f6gliche Rechtsverst\u00f6\u00dfe \u00fcberpr\u00fcft. Rechtswidrige Inhalte waren zum Zeitpunkt der Verlinkung nicht erkennbar. Eine permanente inhaltliche Kontrolle der verlinkten Seiten ist jedoch ohne konkrete Anhaltspunkte einer Rechtsverletzung nicht zumutbar. Bei Bekanntwerden von Rechtsverletzungen werden wir derartige Links umgehend entfernen.<\/p><p style=\"margin-right: 0px;margin-bottom: 1em;margin-left: 0px;padding: 0px;border: 0px;line-height: inherit;font-family: AzoWeb;font-size: 14px;vertical-align: baseline;color: #3d3d3d;letter-spacing: 0.1px\">Urheberrecht<\/p><p style=\"margin-right: 0px;margin-bottom: 1em;margin-left: 0px;padding: 0px;border: 0px;line-height: inherit;font-family: AzoWeb;font-size: 14px;vertical-align: baseline;color: #3d3d3d;letter-spacing: 0.1px\">Die durch die Seitenbetreiber erstellten Inhalte und Werke auf diesen Seiten unterliegen dem deutschen Urheberrecht. Die Vervielf\u00e4ltigung, Bearbeitung, Verbreitung und jede Art der Verwertung au\u00dferhalb der Grenzen des Urheberrechtes bed\u00fcrfen der schriftlichen Zustimmung des jeweiligen Autors bzw. Erstellers. Downloads und Kopien dieser Seite sind nur f\u00fcr den privaten, nicht kommerziellen Gebrauch gestattet. Soweit die Inhalte auf dieser Seite nicht vom Betreiber erstellt wurden, werden die Urheberrechte Dritter beachtet. Insbesondere werden Inhalte Dritter als solche gekennzeichnet. Sollten Sie trotzdem auf eine Urheberrechtsverletzung aufmerksam werden, bitten wir um einen entsprechenden Hinweis. Bei Bekanntwerden von Rechtsverletzungen werden wir derartige Inhalte umgehend entfernen.<\/p>\t\t\t\t\t\t\t\t<\/div>\n\t\t\t\t<\/div>\n\t\t\t\t\t<\/div>\n\t\t<\/div>\n\t\t\t\t\t<\/div>\n\t\t<\/section>\n\t\t\t\t<\/div>\n\t\t","protected":false},"excerpt":{"rendered":"<p>Impressum\u200b TONI DRESS DAMENMODEN GMBHKonrad-Ott-Str.191301 ForchheimRegistergericht Bamberg: HRB 1613\u00a0 UST-ID:\u00a0DE 811158205KontaktTel: +49 (0) 91 91 \/ 83 499E-Mail: info@toni-fashion.de Wir nehmen nicht an einem Streitbeilegungsverfahren vor einer Verbraucherschlichtungsstelle teil. Haftung f\u00fcr Inhalte Die Inhalte unserer Seiten wurden mit gr\u00f6\u00dfter Sorgfalt erstellt. F\u00fcr die Richtigkeit, Vollst\u00e4ndigkeit und Aktualit\u00e4t der Inhalte k\u00f6nnen wir jedoch keine Gew\u00e4hr \u00fcbernehmen. [&hellip;]<\/p>\n","protected":false},"author":1,"featured_media":0,"parent":0,"menu_order":0,"comment_status":"closed","ping_status":"closed","template":"","meta":{"footnotes":""},"class_list":["post-173","page","type-page","status-publish","hentry"],"_links":{"self":[{"href":"https:\/\/www.corporate.toni-fashion.com\/de\/wp-json\/wp\/v2\/pages\/173"}],"collection":[{"href":"https:\/\/www.corporate.toni-fashion.com\/de\/wp-json\/wp\/v2\/pages"}],"about":[{"href":"https:\/\/www.corporate.toni-fashion.com\/de\/wp-json\/wp\/v2\/types\/page"}],"author":[{"embeddable":true,"href":"https:\/\/www.corporate.toni-fashion.com\/de\/wp-json\/wp\/v2\/users\/1"}],"replies":[{"embeddable":true,"href":"https:\/\/www.corporate.toni-fashion.com\/de\/wp-json\/wp\/v2\/comments?post=173"}],"version-history":[{"count":26,"href":"https:\/\/www.corporate.toni-fashion.com\/de\/wp-json\/wp\/v2\/pages\/173\/revisions"}],"predecessor-version":[{"id":12137,"href":"https:\/\/www.corporate.toni-fashion.com\/de\/wp-json\/wp\/v2\/pages\/173\/revisions\/12137"}],"wp:attachment":[{"href":"https:\/\/www.corporate.toni-fashion.com\/de\/wp-json\/wp\/v2\/media?parent=173"}],"curies":[{"name":"wp","href":"https:\/\/api.w.org\/{rel}","templated":true}]}}